{"id":8046,"date":"2016-09-19T12:51:31","date_gmt":"2016-09-19T10:51:31","guid":{"rendered":"https:\/\/aeromoulding.be\/en\/emploi\/"},"modified":"2016-10-27T11:48:51","modified_gmt":"2016-10-27T09:48:51","slug":"jobs","status":"publish","type":"page","link":"https:\/\/aeromoulding.be\/en\/jobs\/","title":{"rendered":"JOBS"},"content":{"rendered":"<p>[vc_row full_width=&#8221;stretch_row_content&#8221; isfullwidth=&#8221;0&#8243; el_class=&#8221;featured-header-block&#8221;][vc_column css=&#8221;.vc_custom_1475044249008{margin-top: 0px !important;margin-bottom: 0px !important;padding-top: 0px !important;padding-bottom: 0px !important;}&#8221;]<div class=\"header-fixed-image\" style=\"background: url(https:\/\/aeromoulding.be\/wp-content\/uploads\/2016\/09\/about-1024x677-1-1024x548-1-1024x437.jpg)\"> <img src=\"https:\/\/aeromoulding.be\/wp-content\/uploads\/2016\/09\/about-1024x677-1-1024x548-1-1024x437.jpg\" title=\"image_title\" alt=\"image_title\"><a class=\"cta-button broucher\" href=\"https:\/\/aeromoulding.be\/wp-content\/uploads\/2016\/09\/Lescav-FR.pdf\" target=\" _blank\" title=\"\"><i class=\"vc_btn3-icon icon-broucher\"><\/i> BROCHURE<\/a><\/a><div class=\"divider\"><\/div><div class=\"featured-text below\">Jobs<\/div><div class=\"divider\"><\/div><\/div>[\/vc_column][\/vc_row][vc_row isfullwidth=&#8221;0&#8243; el_class=&#8221;no-padding&#8221; css=&#8221;.vc_custom_1427766266794{border-bottom-width: 1px !important;border-bottom-color: #dddddd !important;border-bottom-style: solid !important;}&#8221;][\/vc_row][vc_column css_animation=&#8221;fadeInUp&#8221;][\/vc_column]\n\n<div class=\"widget widget-vc nopadding\">\n\t<div class=\"wpo-inforbox  full-width clearfix  inforbox-align-right\" style=\"background-image:url('https:\/\/aeromoulding.be\/wp-content\/uploads\/2016\/09\/De-l\u2019\u00e9tude-\u00e0-la-s\u00e9rie..jpg')\">\n\t\t<div class=\"inforbox-inner inforbox-right\" style=\"background-image:url('https:\/\/aeromoulding.be\/wp-content\/uploads\/2016\/09\/De-l\u2019\u00e9tude-\u00e0-la-s\u00e9rie..jpg')\">\n\t\t\t<img class=\"block-main-img\" src=\"https:\/\/aeromoulding.be\/wp-content\/uploads\/2016\/09\/De-l\u2019\u00e9tude-\u00e0-la-s\u00e9rie..jpg\" title=\"\" alt=\"\">\t\t<\/div>\n\t\t<div class=\"inforbox-left \">\n\t\t\t<div class=\"inforbox-inner\">\n\t\t\t\t<div class=\"heading heading-v10 separator_align_left\">\n\t\t\t\t\t\t\t\t\t\t\t<small class=\"subheading\">Page under construction<\/small>\n\t\t\t\t\t\t\n\t\t\t\t\t\t\t\t\t<\/div>\n\t\t\t    <div class=\"information\">\t\n\t\t\t\t    \t\t\t\t    \t<p>Sorry, this page will be finished soon. Please come back later<\/p>\n\t\t\t\t    \t\t\t    <\/div>\n\t\t\t<\/div>\n\t\t<\/div>\t\t\n\t<\/div>\t\n<\/div>\n","protected":false},"excerpt":{"rendered":"<p>[vc_row full_width=&#8221;stretch_row_content&#8221; isfullwidth=&#8221;0&#8243; el_class=&#8221;featured-header-block&#8221;][vc_column css=&#8221;.vc_custom_1475044249008{margin-top: 0px !important;margin-bottom: 0px !important;padding-top: 0px !important;padding-bottom: 0px !important;}&#8221;][\/vc_column][\/vc_row][vc_row isfullwidth=&#8221;0&#8243; el_class=&#8221;no-padding&#8221; css=&#8221;.vc_custom_1427766266794{border-bottom-width: 1px !important;border-bottom-color: #dddddd !important;border-bottom-style: solid !important;}&#8221;][\/vc_row][vc_column css_animation=&#8221;fadeInUp&#8221;][\/vc_column]<\/p>\n","protected":false},"author":3,"featured_media":0,"parent":0,"menu_order":0,"comment_status":"closed","ping_status":"closed","template":"","meta":[],"yoast_head":"<!-- This site is optimized with the Yoast SEO plugin v18.5.1 - https:\/\/yoast.com\/wordpress\/plugins\/seo\/ -->\n<title>JOBS - Aeromoulding<\/title>\n<meta name=\"robots\" content=\"index, follow, max-snippet:-1, max-image-preview:large, max-video-preview:-1\" \/>\n<link rel=\"canonical\" href=\"https:\/\/aeromoulding.be\/en\/jobs\/\" \/>\n<meta property=\"og:locale\" content=\"en_US\" \/>\n<meta property=\"og:type\" content=\"article\" \/>\n<meta property=\"og:title\" content=\"JOBS - Aeromoulding\" \/>\n<meta property=\"og:description\" content=\"[vc_row full_width=&#8221;stretch_row_content&#8221; isfullwidth=&#8221;0&#8243; el_class=&#8221;featured-header-block&#8221;][vc_column css=&#8221;.vc_custom_1475044249008{margin-top: 0px !important;margin-bottom: 0px !important;padding-top: 0px !important;padding-bottom: 0px !important;}&#8221;][\/vc_column][\/vc_row][vc_row isfullwidth=&#8221;0&#8243; el_class=&#8221;no-padding&#8221; css=&#8221;.vc_custom_1427766266794{border-bottom-width: 1px !important;border-bottom-color: #dddddd !important;border-bottom-style: solid !important;}&#8221;][\/vc_row][vc_column css_animation=&#8221;fadeInUp&#8221;][\/vc_column]\" \/>\n<meta property=\"og:url\" content=\"https:\/\/aeromoulding.be\/en\/jobs\/\" \/>\n<meta property=\"og:site_name\" content=\"Aeromoulding\" \/>\n<meta property=\"article:modified_time\" content=\"2016-10-27T09:48:51+00:00\" \/>\n<meta name=\"twitter:card\" content=\"summary_large_image\" \/>\n<meta name=\"twitter:label1\" content=\"Est. reading time\" \/>\n\t<meta name=\"twitter:data1\" content=\"1 minute\" \/>\n<script type=\"application\/ld+json\" class=\"yoast-schema-graph\">{\"@context\":\"https:\/\/schema.org\",\"@graph\":[{\"@type\":\"Organization\",\"@id\":\"https:\/\/aeromoulding.be\/#organization\",\"name\":\"Aeromoulding\",\"url\":\"https:\/\/aeromoulding.be\/\",\"sameAs\":[],\"logo\":{\"@type\":\"ImageObject\",\"@id\":\"https:\/\/aeromoulding.be\/#logo\",\"inLanguage\":\"en-US\",\"url\":\"https:\/\/aeromoulding.be\/wp-content\/uploads\/2022\/04\/Logo_aero-moulding_vecto_RVB_degrade.png\",\"contentUrl\":\"https:\/\/aeromoulding.be\/wp-content\/uploads\/2022\/04\/Logo_aero-moulding_vecto_RVB_degrade.png\",\"width\":680,\"height\":208,\"caption\":\"Aeromoulding\"},\"image\":{\"@id\":\"https:\/\/aeromoulding.be\/#logo\"}},{\"@type\":\"WebSite\",\"@id\":\"https:\/\/aeromoulding.be\/#website\",\"url\":\"https:\/\/aeromoulding.be\/\",\"name\":\"Aeromoulding\",\"description\":\"Aeromoulding\",\"publisher\":{\"@id\":\"https:\/\/aeromoulding.be\/#organization\"},\"potentialAction\":[{\"@type\":\"SearchAction\",\"target\":{\"@type\":\"EntryPoint\",\"urlTemplate\":\"https:\/\/aeromoulding.be\/?s={search_term_string}\"},\"query-input\":\"required name=search_term_string\"}],\"inLanguage\":\"en-US\"},{\"@type\":\"WebPage\",\"@id\":\"https:\/\/aeromoulding.be\/en\/jobs\/#webpage\",\"url\":\"https:\/\/aeromoulding.be\/en\/jobs\/\",\"name\":\"JOBS - Aeromoulding\",\"isPartOf\":{\"@id\":\"https:\/\/aeromoulding.be\/#website\"},\"datePublished\":\"2016-09-19T10:51:31+00:00\",\"dateModified\":\"2016-10-27T09:48:51+00:00\",\"breadcrumb\":{\"@id\":\"https:\/\/aeromoulding.be\/en\/jobs\/#breadcrumb\"},\"inLanguage\":\"en-US\",\"potentialAction\":[{\"@type\":\"ReadAction\",\"target\":[\"https:\/\/aeromoulding.be\/en\/jobs\/\"]}]},{\"@type\":\"BreadcrumbList\",\"@id\":\"https:\/\/aeromoulding.be\/en\/jobs\/#breadcrumb\",\"itemListElement\":[{\"@type\":\"ListItem\",\"position\":1,\"name\":\"Accueil\",\"item\":\"https:\/\/aeromoulding.be\/en\/\"},{\"@type\":\"ListItem\",\"position\":2,\"name\":\"JOBS\"}]}]}<\/script>\n<!-- \/ Yoast SEO plugin. -->","yoast_head_json":{"title":"JOBS - Aeromoulding","robots":{"index":"index","follow":"follow","max-snippet":"max-snippet:-1","max-image-preview":"max-image-preview:large","max-video-preview":"max-video-preview:-1"},"canonical":"https:\/\/aeromoulding.be\/en\/jobs\/","og_locale":"en_US","og_type":"article","og_title":"JOBS - Aeromoulding","og_description":"[vc_row full_width=&#8221;stretch_row_content&#8221; isfullwidth=&#8221;0&#8243; el_class=&#8221;featured-header-block&#8221;][vc_column css=&#8221;.vc_custom_1475044249008{margin-top: 0px !important;margin-bottom: 0px !important;padding-top: 0px !important;padding-bottom: 0px !important;}&#8221;][\/vc_column][\/vc_row][vc_row isfullwidth=&#8221;0&#8243; el_class=&#8221;no-padding&#8221; css=&#8221;.vc_custom_1427766266794{border-bottom-width: 1px !important;border-bottom-color: #dddddd !important;border-bottom-style: solid !important;}&#8221;][\/vc_row][vc_column css_animation=&#8221;fadeInUp&#8221;][\/vc_column]","og_url":"https:\/\/aeromoulding.be\/en\/jobs\/","og_site_name":"Aeromoulding","article_modified_time":"2016-10-27T09:48:51+00:00","twitter_card":"summary_large_image","twitter_misc":{"Est. reading time":"1 minute"},"schema":{"@context":"https:\/\/schema.org","@graph":[{"@type":"Organization","@id":"https:\/\/aeromoulding.be\/#organization","name":"Aeromoulding","url":"https:\/\/aeromoulding.be\/","sameAs":[],"logo":{"@type":"ImageObject","@id":"https:\/\/aeromoulding.be\/#logo","inLanguage":"en-US","url":"https:\/\/aeromoulding.be\/wp-content\/uploads\/2022\/04\/Logo_aero-moulding_vecto_RVB_degrade.png","contentUrl":"https:\/\/aeromoulding.be\/wp-content\/uploads\/2022\/04\/Logo_aero-moulding_vecto_RVB_degrade.png","width":680,"height":208,"caption":"Aeromoulding"},"image":{"@id":"https:\/\/aeromoulding.be\/#logo"}},{"@type":"WebSite","@id":"https:\/\/aeromoulding.be\/#website","url":"https:\/\/aeromoulding.be\/","name":"Aeromoulding","description":"Aeromoulding","publisher":{"@id":"https:\/\/aeromoulding.be\/#organization"},"potentialAction":[{"@type":"SearchAction","target":{"@type":"EntryPoint","urlTemplate":"https:\/\/aeromoulding.be\/?s={search_term_string}"},"query-input":"required name=search_term_string"}],"inLanguage":"en-US"},{"@type":"WebPage","@id":"https:\/\/aeromoulding.be\/en\/jobs\/#webpage","url":"https:\/\/aeromoulding.be\/en\/jobs\/","name":"JOBS - Aeromoulding","isPartOf":{"@id":"https:\/\/aeromoulding.be\/#website"},"datePublished":"2016-09-19T10:51:31+00:00","dateModified":"2016-10-27T09:48:51+00:00","breadcrumb":{"@id":"https:\/\/aeromoulding.be\/en\/jobs\/#breadcrumb"},"inLanguage":"en-US","potentialAction":[{"@type":"ReadAction","target":["https:\/\/aeromoulding.be\/en\/jobs\/"]}]},{"@type":"BreadcrumbList","@id":"https:\/\/aeromoulding.be\/en\/jobs\/#breadcrumb","itemListElement":[{"@type":"ListItem","position":1,"name":"Accueil","item":"https:\/\/aeromoulding.be\/en\/"},{"@type":"ListItem","position":2,"name":"JOBS"}]}]}},"_links":{"self":[{"href":"https:\/\/aeromoulding.be\/en\/wp-json\/wp\/v2\/pages\/8046"}],"collection":[{"href":"https:\/\/aeromoulding.be\/en\/wp-json\/wp\/v2\/pages"}],"about":[{"href":"https:\/\/aeromoulding.be\/en\/wp-json\/wp\/v2\/types\/page"}],"author":[{"embeddable":true,"href":"https:\/\/aeromoulding.be\/en\/wp-json\/wp\/v2\/users\/3"}],"replies":[{"embeddable":true,"href":"https:\/\/aeromoulding.be\/en\/wp-json\/wp\/v2\/comments?post=8046"}],"version-history":[{"count":5,"href":"https:\/\/aeromoulding.be\/en\/wp-json\/wp\/v2\/pages\/8046\/revisions"}],"predecessor-version":[{"id":8305,"href":"https:\/\/aeromoulding.be\/en\/wp-json\/wp\/v2\/pages\/8046\/revisions\/8305"}],"wp:attachment":[{"href":"https:\/\/aeromoulding.be\/en\/wp-json\/wp\/v2\/media?parent=8046"}],"curies":[{"name":"wp","href":"https:\/\/api.w.org\/{rel}","templated":true}]}}