{"id":7944,"date":"2016-10-21T14:38:24","date_gmt":"2016-10-21T12:38:24","guid":{"rendered":"https:\/\/aeromoulding.be\/en\/?page_id=7944"},"modified":"2016-11-23T09:33:34","modified_gmt":"2016-11-23T08:33:34","slug":"services","status":"publish","type":"page","link":"https:\/\/aeromoulding.be\/en\/services\/","title":{"rendered":"Services"},"content":{"rendered":"<p>[vc_row full_width=&#8221;stretch_row_content&#8221; isfullwidth=&#8221;0&#8243; el_class=&#8221;featured-header-block&#8221;][vc_column css=&#8221;.vc_custom_1475044249008{margin-top: 0px !important;margin-bottom: 0px !important;padding-top: 0px !important;padding-bottom: 0px !important;}&#8221;]<div class=\"header-fixed-image\" style=\"background: url(https:\/\/aeromoulding.be\/wp-content\/uploads\/2016\/09\/lescav_services-1024x432-1024x432.jpg)\"> <img src=\"https:\/\/aeromoulding.be\/wp-content\/uploads\/2016\/09\/lescav_services-1024x432-1024x432.jpg\" title=\"Design services\" alt=\"Design services\"><a class=\"cta-button broucher\" href=\"https:\/\/aeromoulding.be\/wp-content\/uploads\/2016\/10\/Lescav-ENG..pdf\" target=\" _blank\" title=\"\"><i class=\"vc_btn3-icon icon-broucher\"><\/i> BROCHURE<\/a><\/a><div class=\"divider\"><\/div><div class=\"featured-text below\">From design to production.<\/div><div class=\"divider\"><\/div><\/div>[\/vc_column][\/vc_row][vc_row isfullwidth=&#8221;0&#8243; el_class=&#8221;no-padding&#8221; css=&#8221;.vc_custom_1427766266794{border-bottom-width: 1px !important;border-bottom-color: #dddddd !important;border-bottom-style: solid !important;}&#8221;][vc_column css_animation=&#8221;fadeInUp&#8221;]\n\n<div class=\"widget widget-vc nopadding\">\n\t<div class=\"wpo-inforbox  full-width clearfix  inforbox-align-right\" style=\"background-image:url('https:\/\/aeromoulding.be\/wp-content\/uploads\/2016\/09\/De-l\u2019\u00e9tude-\u00e0-la-s\u00e9rie..jpg')\">\n\t\t<div class=\"inforbox-inner inforbox-right\" style=\"background-image:url('https:\/\/aeromoulding.be\/wp-content\/uploads\/2016\/09\/De-l\u2019\u00e9tude-\u00e0-la-s\u00e9rie..jpg')\">\n\t\t\t<img class=\"block-main-img\" src=\"https:\/\/aeromoulding.be\/wp-content\/uploads\/2016\/09\/De-l\u2019\u00e9tude-\u00e0-la-s\u00e9rie..jpg\" title=\"prototypes\" alt=\"prototypes\">\t\t<\/div>\n\t\t<div class=\"inforbox-left \">\n\t\t\t<div class=\"inforbox-inner\">\n\t\t\t\t<div class=\"heading heading-v10 separator_align_left\">\n\t\t\t\t\t\t\t\t\t\t\t<small class=\"subheading\">From engineering to production<\/small>\n\t\t\t\t\t\t\n\t\t\t\t\t\t\t\t\t<\/div>\n\t\t\t    <div class=\"information\">\t\n\t\t\t\t    \t\t\t\t    \t<p>Being flexible is one of our strong assets. We adapt to your needs, from providing innovative solutions to setting up full production runs. Our prototyping enables us to validate solutions with your team prior to engaging production.<\/p>\n\t\t\t\t    \t\t\t    <\/div>\n\t\t\t<\/div>\n\t\t<\/div>\t\t\n\t<\/div>\t\n<\/div>[\/vc_column][\/vc_row][vc_row][vc_column][vc_row_inner][vc_column_inner][vc_single_image image=&#8221;7948&#8243; img_size=&#8221;full&#8221; alignment=&#8221;center&#8221;][\/vc_column_inner][\/vc_row_inner][\/vc_column][\/vc_row]<\/p>\n","protected":false},"excerpt":{"rendered":"<p>[vc_row full_width=&#8221;stretch_row_content&#8221; isfullwidth=&#8221;0&#8243; el_class=&#8221;featured-header-block&#8221;][vc_column css=&#8221;.vc_custom_1475044249008{margin-top: 0px !important;margin-bottom: 0px !important;padding-top: 0px !important;padding-bottom: 0px !important;}&#8221;][\/vc_column][\/vc_row][vc_row isfullwidth=&#8221;0&#8243; el_class=&#8221;no-padding&#8221; css=&#8221;.vc_custom_1427766266794{border-bottom-width: 1px !important;border-bottom-color: #dddddd !important;border-bottom-style: solid !important;}&#8221;][vc_column css_animation=&#8221;fadeInUp&#8221;][\/vc_column][\/vc_row][vc_row][vc_column][vc_row_inner][vc_column_inner][vc_single_image image=&#8221;7948&#8243; img_size=&#8221;full&#8221; alignment=&#8221;center&#8221;][\/vc_column_inner][\/vc_row_inner][\/vc_column][\/vc_row]<\/p>\n","protected":false},"author":3,"featured_media":0,"parent":0,"menu_order":0,"comment_status":"closed","ping_status":"closed","template":"","meta":[],"yoast_head":"<!-- This site is optimized with the Yoast SEO plugin v18.5.1 - https:\/\/yoast.com\/wordpress\/plugins\/seo\/ -->\n<title>Services - Aeromoulding<\/title>\n<meta name=\"robots\" content=\"index, follow, max-snippet:-1, max-image-preview:large, max-video-preview:-1\" \/>\n<link rel=\"canonical\" href=\"https:\/\/aeromoulding.be\/en\/services\/\" \/>\n<meta property=\"og:locale\" content=\"en_US\" \/>\n<meta property=\"og:type\" content=\"article\" \/>\n<meta property=\"og:title\" content=\"Services - Aeromoulding\" \/>\n<meta property=\"og:description\" content=\"[vc_row full_width=&#8221;stretch_row_content&#8221; isfullwidth=&#8221;0&#8243; el_class=&#8221;featured-header-block&#8221;][vc_column css=&#8221;.vc_custom_1475044249008{margin-top: 0px !important;margin-bottom: 0px !important;padding-top: 0px !important;padding-bottom: 0px !important;}&#8221;][\/vc_column][\/vc_row][vc_row isfullwidth=&#8221;0&#8243; el_class=&#8221;no-padding&#8221; css=&#8221;.vc_custom_1427766266794{border-bottom-width: 1px !important;border-bottom-color: #dddddd !important;border-bottom-style: solid !important;}&#8221;][vc_column css_animation=&#8221;fadeInUp&#8221;][\/vc_column][\/vc_row][vc_row][vc_column][vc_row_inner][vc_column_inner][vc_single_image image=&#8221;7948&#8243; img_size=&#8221;full&#8221; alignment=&#8221;center&#8221;][\/vc_column_inner][\/vc_row_inner][\/vc_column][\/vc_row]\" \/>\n<meta property=\"og:url\" content=\"https:\/\/aeromoulding.be\/en\/services\/\" \/>\n<meta property=\"og:site_name\" content=\"Aeromoulding\" \/>\n<meta property=\"article:modified_time\" content=\"2016-11-23T08:33:34+00:00\" \/>\n<meta name=\"twitter:card\" content=\"summary_large_image\" \/>\n<meta name=\"twitter:label1\" content=\"Est. reading time\" \/>\n\t<meta name=\"twitter:data1\" content=\"1 minute\" \/>\n<script type=\"application\/ld+json\" class=\"yoast-schema-graph\">{\"@context\":\"https:\/\/schema.org\",\"@graph\":[{\"@type\":\"Organization\",\"@id\":\"https:\/\/aeromoulding.be\/#organization\",\"name\":\"Aeromoulding\",\"url\":\"https:\/\/aeromoulding.be\/\",\"sameAs\":[],\"logo\":{\"@type\":\"ImageObject\",\"@id\":\"https:\/\/aeromoulding.be\/#logo\",\"inLanguage\":\"en-US\",\"url\":\"https:\/\/aeromoulding.be\/wp-content\/uploads\/2022\/04\/Logo_aero-moulding_vecto_RVB_degrade.png\",\"contentUrl\":\"https:\/\/aeromoulding.be\/wp-content\/uploads\/2022\/04\/Logo_aero-moulding_vecto_RVB_degrade.png\",\"width\":680,\"height\":208,\"caption\":\"Aeromoulding\"},\"image\":{\"@id\":\"https:\/\/aeromoulding.be\/#logo\"}},{\"@type\":\"WebSite\",\"@id\":\"https:\/\/aeromoulding.be\/#website\",\"url\":\"https:\/\/aeromoulding.be\/\",\"name\":\"Aeromoulding\",\"description\":\"Aeromoulding\",\"publisher\":{\"@id\":\"https:\/\/aeromoulding.be\/#organization\"},\"potentialAction\":[{\"@type\":\"SearchAction\",\"target\":{\"@type\":\"EntryPoint\",\"urlTemplate\":\"https:\/\/aeromoulding.be\/?s={search_term_string}\"},\"query-input\":\"required name=search_term_string\"}],\"inLanguage\":\"en-US\"},{\"@type\":\"WebPage\",\"@id\":\"https:\/\/aeromoulding.be\/en\/services\/#webpage\",\"url\":\"https:\/\/aeromoulding.be\/en\/services\/\",\"name\":\"Services - Aeromoulding\",\"isPartOf\":{\"@id\":\"https:\/\/aeromoulding.be\/#website\"},\"datePublished\":\"2016-10-21T12:38:24+00:00\",\"dateModified\":\"2016-11-23T08:33:34+00:00\",\"breadcrumb\":{\"@id\":\"https:\/\/aeromoulding.be\/en\/services\/#breadcrumb\"},\"inLanguage\":\"en-US\",\"potentialAction\":[{\"@type\":\"ReadAction\",\"target\":[\"https:\/\/aeromoulding.be\/en\/services\/\"]}]},{\"@type\":\"BreadcrumbList\",\"@id\":\"https:\/\/aeromoulding.be\/en\/services\/#breadcrumb\",\"itemListElement\":[{\"@type\":\"ListItem\",\"position\":1,\"name\":\"Accueil\",\"item\":\"https:\/\/aeromoulding.be\/en\/\"},{\"@type\":\"ListItem\",\"position\":2,\"name\":\"Services\"}]}]}<\/script>\n<!-- \/ Yoast SEO plugin. -->","yoast_head_json":{"title":"Services - Aeromoulding","robots":{"index":"index","follow":"follow","max-snippet":"max-snippet:-1","max-image-preview":"max-image-preview:large","max-video-preview":"max-video-preview:-1"},"canonical":"https:\/\/aeromoulding.be\/en\/services\/","og_locale":"en_US","og_type":"article","og_title":"Services - Aeromoulding","og_description":"[vc_row full_width=&#8221;stretch_row_content&#8221; isfullwidth=&#8221;0&#8243; el_class=&#8221;featured-header-block&#8221;][vc_column css=&#8221;.vc_custom_1475044249008{margin-top: 0px !important;margin-bottom: 0px !important;padding-top: 0px !important;padding-bottom: 0px !important;}&#8221;][\/vc_column][\/vc_row][vc_row isfullwidth=&#8221;0&#8243; el_class=&#8221;no-padding&#8221; css=&#8221;.vc_custom_1427766266794{border-bottom-width: 1px !important;border-bottom-color: #dddddd !important;border-bottom-style: solid !important;}&#8221;][vc_column css_animation=&#8221;fadeInUp&#8221;][\/vc_column][\/vc_row][vc_row][vc_column][vc_row_inner][vc_column_inner][vc_single_image image=&#8221;7948&#8243; img_size=&#8221;full&#8221; alignment=&#8221;center&#8221;][\/vc_column_inner][\/vc_row_inner][\/vc_column][\/vc_row]","og_url":"https:\/\/aeromoulding.be\/en\/services\/","og_site_name":"Aeromoulding","article_modified_time":"2016-11-23T08:33:34+00:00","twitter_card":"summary_large_image","twitter_misc":{"Est. reading time":"1 minute"},"schema":{"@context":"https:\/\/schema.org","@graph":[{"@type":"Organization","@id":"https:\/\/aeromoulding.be\/#organization","name":"Aeromoulding","url":"https:\/\/aeromoulding.be\/","sameAs":[],"logo":{"@type":"ImageObject","@id":"https:\/\/aeromoulding.be\/#logo","inLanguage":"en-US","url":"https:\/\/aeromoulding.be\/wp-content\/uploads\/2022\/04\/Logo_aero-moulding_vecto_RVB_degrade.png","contentUrl":"https:\/\/aeromoulding.be\/wp-content\/uploads\/2022\/04\/Logo_aero-moulding_vecto_RVB_degrade.png","width":680,"height":208,"caption":"Aeromoulding"},"image":{"@id":"https:\/\/aeromoulding.be\/#logo"}},{"@type":"WebSite","@id":"https:\/\/aeromoulding.be\/#website","url":"https:\/\/aeromoulding.be\/","name":"Aeromoulding","description":"Aeromoulding","publisher":{"@id":"https:\/\/aeromoulding.be\/#organization"},"potentialAction":[{"@type":"SearchAction","target":{"@type":"EntryPoint","urlTemplate":"https:\/\/aeromoulding.be\/?s={search_term_string}"},"query-input":"required name=search_term_string"}],"inLanguage":"en-US"},{"@type":"WebPage","@id":"https:\/\/aeromoulding.be\/en\/services\/#webpage","url":"https:\/\/aeromoulding.be\/en\/services\/","name":"Services - Aeromoulding","isPartOf":{"@id":"https:\/\/aeromoulding.be\/#website"},"datePublished":"2016-10-21T12:38:24+00:00","dateModified":"2016-11-23T08:33:34+00:00","breadcrumb":{"@id":"https:\/\/aeromoulding.be\/en\/services\/#breadcrumb"},"inLanguage":"en-US","potentialAction":[{"@type":"ReadAction","target":["https:\/\/aeromoulding.be\/en\/services\/"]}]},{"@type":"BreadcrumbList","@id":"https:\/\/aeromoulding.be\/en\/services\/#breadcrumb","itemListElement":[{"@type":"ListItem","position":1,"name":"Accueil","item":"https:\/\/aeromoulding.be\/en\/"},{"@type":"ListItem","position":2,"name":"Services"}]}]}},"_links":{"self":[{"href":"https:\/\/aeromoulding.be\/en\/wp-json\/wp\/v2\/pages\/7944"}],"collection":[{"href":"https:\/\/aeromoulding.be\/en\/wp-json\/wp\/v2\/pages"}],"about":[{"href":"https:\/\/aeromoulding.be\/en\/wp-json\/wp\/v2\/types\/page"}],"author":[{"embeddable":true,"href":"https:\/\/aeromoulding.be\/en\/wp-json\/wp\/v2\/users\/3"}],"replies":[{"embeddable":true,"href":"https:\/\/aeromoulding.be\/en\/wp-json\/wp\/v2\/comments?post=7944"}],"version-history":[{"count":5,"href":"https:\/\/aeromoulding.be\/en\/wp-json\/wp\/v2\/pages\/7944\/revisions"}],"predecessor-version":[{"id":8102,"href":"https:\/\/aeromoulding.be\/en\/wp-json\/wp\/v2\/pages\/7944\/revisions\/8102"}],"wp:attachment":[{"href":"https:\/\/aeromoulding.be\/en\/wp-json\/wp\/v2\/media?parent=7944"}],"curies":[{"name":"wp","href":"https:\/\/api.w.org\/{rel}","templated":true}]}}